{"id":55,"date":"2014-05-10T21:13:06","date_gmt":"2014-05-10T20:13:06","guid":{"rendered":"http:\/\/stein-martin-luther.net\/?page_id=55"},"modified":"2023-04-02T17:33:59","modified_gmt":"2023-04-02T15:33:59","slug":"das-patronat","status":"publish","type":"page","link":"https:\/\/stein-martin-luther.net\/?page_id=55","title":{"rendered":"Das Patronat"},"content":{"rendered":"\n<div class=\"wp-block-media-text alignwide is-stacked-on-mobile\"><figure class=\"wp-block-media-text__media\"><img src=\"http:\/\/stein-martin-luther.net\/wp-content\/uploads\/2015\/03\/Wappen-FC-300x224.jpg\" alt=\"Wappen FC\"\/><\/figure><div class=\"wp-block-media-text__content\">\n<p id=\"mit-der-erhebung-steins-zur-pfarrei-wurde-lothar-von-faber-das-patronat-verliehen\">Mit der Erhebung Steins zur Pfarrei wurde Lothar von Faber das Patronat verliehen.<\/p>\n<\/div><\/div>\n\n\n\n<div class=\"wp-block-media-text alignwide has-media-on-the-right is-stacked-on-mobile\"><figure class=\"wp-block-media-text__media\"><img src=\"http:\/\/stein-martin-luther.net\/wp-content\/uploads\/2015\/03\/TFC-300x213.jpg\" alt=\"TFC\"\/><\/figure><div class=\"wp-block-media-text__content\">\n<p id=\"als-seine-nachfolger-ubten-es-seitdem-alexander-roland-und-anton-wolfgang-graf-von-faber-castell-bild-aus\">Als seine Nachfolger \u00fcbten es seitdem Alexander, Roland und Anton-Wolfgang Graf von Faber-Castell (Bild) aus.<\/p>\n<\/div><\/div>\n\n\n\n<p class=\"has-text-align-left\">Nach altem Kirchenrecht umfasst ein Patronat zun\u00e4chst zweierlei: das Recht der Pfarrstellenbesetzung und die Pflicht, die Kirche der Gemeinde baulich zu erhalten. Doch auch dar\u00fcber hinaus ist das Verh\u00e4ltnis zwischen Patron, Pfarrer, Kirchenvorstand und Gemeinde durch regelm\u00e4\u00dfigen Austausch und gegenseitige Wertsch\u00e4tzung belebt.<\/p>\n\n\n\n<p>Mit dem Tod Anton-Wolfgang Graf von Faber-Castell am 21. Januar 2016 endete das Patronat. Die Familie ist der Kirchengemeinde weiterhin eng verbunden und unterst\u00fctzt in vielf\u00e4ltiger Weise.  <\/p>\n","protected":false},"excerpt":{"rendered":"<p>Mit der Erhebung Steins zur Pfarrei wurde Lothar von Faber das Patronat verliehen. Als seine Nachfolger \u00fcbten es seitdem Alexander, Roland und Anton-Wolfgang Graf von Faber-Castell (Bild) aus. Nach altem Kirchenrecht umfasst ein Patronat zun\u00e4chst zweierlei: das Recht der Pfarrstellenbesetzung und die Pflicht, die Kirche der Gemeinde baulich zu erhalten.<\/p>\n","protected":false},"author":1,"featured_media":0,"parent":0,"menu_order":0,"comment_status":"closed","ping_status":"open","template":"","meta":{"pgc_sgb_lightbox_settings":""},"_links":{"self":[{"href":"https:\/\/stein-martin-luther.net\/index.php?rest_route=\/wp\/v2\/pages\/55"}],"collection":[{"href":"https:\/\/stein-martin-luther.net\/index.php?rest_route=\/wp\/v2\/pages"}],"about":[{"href":"https:\/\/stein-martin-luther.net\/index.php?rest_route=\/wp\/v2\/types\/page"}],"author":[{"embeddable":true,"href":"https:\/\/stein-martin-luther.net\/index.php?rest_route=\/wp\/v2\/users\/1"}],"replies":[{"embeddable":true,"href":"https:\/\/stein-martin-luther.net\/index.php?rest_route=%2Fwp%2Fv2%2Fcomments&post=55"}],"version-history":[{"count":17,"href":"https:\/\/stein-martin-luther.net\/index.php?rest_route=\/wp\/v2\/pages\/55\/revisions"}],"predecessor-version":[{"id":2811,"href":"https:\/\/stein-martin-luther.net\/index.php?rest_route=\/wp\/v2\/pages\/55\/revisions\/2811"}],"wp:attachment":[{"href":"https:\/\/stein-martin-luther.net\/index.php?rest_route=%2Fwp%2Fv2%2Fmedia&parent=55"}],"curies":[{"name":"wp","href":"https:\/\/api.w.org\/{rel}","templated":true}]}}