{"id":53,"date":"2014-05-10T21:12:10","date_gmt":"2014-05-10T20:12:10","guid":{"rendered":"http:\/\/stein-martin-luther.net\/?page_id=53"},"modified":"2023-04-02T17:25:51","modified_gmt":"2023-04-02T15:25:51","slug":"die-glasfenster-in-der-martin-luther-kirche","status":"publish","type":"page","link":"https:\/\/stein-martin-luther.net\/die-glasfenster-in-der-martin-luther-kirche\/","title":{"rendered":"Die Glasfenster in der Martin-Luther-Kirche"},"content":{"rendered":"\n<p class=\"has-text-align-left\">Wir gewahren ihn schon im Hineingehen: den einzigen gro\u00dfen k\u00fcnstlerischen Schmuck in dieser sonst so schlichten Kirche: gro\u00dfe bunte Glasfenster. Mit ihnen bracuth es kein weiteres Altarbild. Wenn die Sonne untergeht, strahlen die Farben. Die Fenster sind nicht traditionell gestaltet, so dass man schnell hinblicken, nicken und begreifen k\u00f6nnte. \u00dcbermodern sind sie auch nicht, so dass man mit den Schultern zucken m\u00fcsste. Jeder findet Vertrautes und entdeckt auch wieder Neues \u2014 Meditationsbilder, die es aushalten, dass man sie lange betrachtet in stillen Minuten. Jahrelang oder ein ganzes Leben hindurch lassen sie sich mit den Augen und mit dem Herzen durchwandern.<\/p>\n\n\n\n<div class=\"wp-block-image\"><figure class=\"alignright is-resized\"><a href=\"http:\/\/stein-martin-luther.net\/wp-content\/uploads\/2015\/03\/Auferstehungsfenster.jpg\"><img loading=\"lazy\" src=\"http:\/\/stein-martin-luther.net\/wp-content\/uploads\/2015\/03\/Auferstehungsfenster-91x300.jpg\" alt=\"Auferstehungsfenster\" class=\"wp-image-157\" width=\"85\" height=\"280\" srcset=\"https:\/\/stein-martin-luther.net\/wp-content\/uploads\/2015\/03\/Auferstehungsfenster-91x300.jpg 91w, https:\/\/stein-martin-luther.net\/wp-content\/uploads\/2015\/03\/Auferstehungsfenster.jpg 195w\" sizes=\"(max-width: 85px) 100vw, 85px\" \/><\/a><\/figure><\/div>\n\n\n\n<p>Gelb und golden in der Mitte: der Herr, derauferstandene Christus mit siegend erhobenem Arm, die Schlage zu seinen F\u00fc\u00dfe, S\u00fcnde, Tod, Teufel. So soll die Weltgeschichte hinausgehen!<\/p>\n\n\n\n<div class=\"wp-block-image\"><figure class=\"alignleft\"><a href=\"http:\/\/stein-martin-luther.net\/wp-content\/uploads\/2015\/03\/Passionsfenster.jpg\"><img loading=\"lazy\" width=\"94\" height=\"300\" src=\"http:\/\/stein-martin-luther.net\/wp-content\/uploads\/2015\/03\/Passionsfenster-94x300.jpg\" alt=\"Passionsfenster\" class=\"wp-image-163\" srcset=\"https:\/\/stein-martin-luther.net\/wp-content\/uploads\/2015\/03\/Passionsfenster-94x300.jpg 94w, https:\/\/stein-martin-luther.net\/wp-content\/uploads\/2015\/03\/Passionsfenster.jpg 199w\" sizes=\"(max-width: 94px) 100vw, 94px\" \/><\/a><\/figure><\/div>\n\n\n\n<p>Jetzt erkennen wir im linken Fenster das gro\u00dfe braune Kreuz. Dem verweilenden Auge erschlie\u00dfen sich st\u00e4hlerne N\u00e4gel und spitze Waffen\u2014Lanze, Morgenstern, die Eisenkugel mit N\u00e4geln zum vernichtenden Zuschlagen. Ist dies eine Binse, ein Rohr, ein Spottszepter f\u00fcr den gefangenen Jesus? Schwer und gro\u00df tropft Blut aus dem Kreuz. Scheu vermeidet der Glasbildner eine Darstellung des leidenden Herrn. Sozusagen in Kurzschrift wird die Passion nacherz\u00e4hlt. Und dieses Blut versickert nicht irgendwo: das suchende Auge erkennt einen weiten Kelch, der dieses Blut aufnimmt. Geheimnis des Altarsakraments: ich empfange im Heiligen Mahl, was der Herr am Kreuz f\u00fcr mich erworben hat.<\/p>\n\n\n\n<div class=\"wp-block-image\"><figure class=\"alignright\"><a href=\"http:\/\/stein-martin-luther.net\/wp-content\/uploads\/2015\/03\/Pfingstfenster.jpg\"><img loading=\"lazy\" width=\"92\" height=\"300\" src=\"http:\/\/stein-martin-luther.net\/wp-content\/uploads\/2015\/03\/Pfingstfenster-92x300.jpg\" alt=\"Pfingstfenster\" class=\"wp-image-146\" srcset=\"https:\/\/stein-martin-luther.net\/wp-content\/uploads\/2015\/03\/Pfingstfenster-92x300.jpg 92w, https:\/\/stein-martin-luther.net\/wp-content\/uploads\/2015\/03\/Pfingstfenster.jpg 197w\" sizes=\"(max-width: 92px) 100vw, 92px\" \/><\/a><\/figure><\/div>\n\n\n\n<p>Karfreitag, Ostern: Wir suchen rechts auf dem dritten Fenster das dritte Hauptfest (Pfingsten) uns sehen schon die roten Flammen vom Himmel st\u00fcrzen. Zw\u00f6lf m\u00fcssen es sein\u2014oder sind\u2018s nur elf?<\/p>\n\n\n\n<p class=\"has-text-align-left\">Aber diese Fenster bergen und entbergen noch mehr Linien, Fl\u00e4chen, Farben, Schatten, Gestalten, als die ersten suchenden Blicke finden k\u00f6nnen. Was ist das f\u00fcr ein seltsam unvollkommener gelber Kreis mit dem dunklen Innenkreis? Ein Auge inmitten der pfingstlichen Flammen? Irrend wandert der Blick zur\u00fcck nach links auf das Kreuzesfenster: was soll die ausschwingende blaue Fl\u00e4che? Sie sieht aus wie der Schwanz eines Fisches. War das auf dem Pfingstfenster nicht ein Fischauge? Und nun suchen die Augen das Mittelst\u00fcck, den massigen Leib des Fisches. Die einen sehen ihn schnell, den gro\u00dfen Fisch, der sich durch die drei Fenster zeiht; andrer Augen sind gehalten, verm\u00f6gen nicht \u00fcber die Mauern zwischen den Fenstern hin\u00fcberzublicken. Getrenntes zusammenbringen &#8211; eine hohe Kunst beim Sehenlernen eines Kunstwerks, eine noch h\u00f6here im Leben. Eine zersplitternde Ehe zusammenbringen, eine zerfallende Gesellschaft, eine zersplitterte Kirche, die Scherben des Glaubens, eine zersprungene Liebe &#8230; Die meisten brauche Zeit, um den Drei-Fenster-Fisch zu erkennen. Dem schon Sehenden kann er nach einem Lidschlag wieder entschwinden. Manche haben das gro\u00dfe Bild seit Jahrzehnten vor Augen &#8211; und haben noch nichts gesehen.<\/p>\n\n\n\n<div class=\"wp-block-image\"><figure class=\"alignleft\"><a href=\"http:\/\/stein-martin-luther.net\/wp-content\/uploads\/2015\/03\/Sch\u00f6pfungsfenster.jpg\"><img loading=\"lazy\" width=\"92\" height=\"300\" src=\"http:\/\/stein-martin-luther.net\/wp-content\/uploads\/2015\/03\/Sch\u00f6pfungsfenster-92x300.jpg\" alt=\"Sch\u00f6pfungsfenster\" class=\"wp-image-147\" srcset=\"https:\/\/stein-martin-luther.net\/wp-content\/uploads\/2015\/03\/Sch\u00f6pfungsfenster-92x300.jpg 92w, https:\/\/stein-martin-luther.net\/wp-content\/uploads\/2015\/03\/Sch\u00f6pfungsfenster-314x1024.jpg 314w, https:\/\/stein-martin-luther.net\/wp-content\/uploads\/2015\/03\/Sch\u00f6pfungsfenster.jpg 544w\" sizes=\"(max-width: 92px) 100vw, 92px\" \/><\/a><\/figure><\/div>\n\n\n\n<p>Der Fisch: im Griechischen, der Sprache des Neuen Testamentes, sit die Buchstabensymbolik vollkommen. Die Buchstaben des griechischen Wortes f\u00fcr den Fisch (Ichthys) ergeben die Anfangsbuchstaben eines ganzen Bekenntnisses: Jesus Christus, Sohn Gottes und Retter. So wurde der Fisch zum geheimen Erkennungszeichen der Christen. Aus irgendeinem Grund w\u00e4hlten sie daf\u00fcr nicht das Kreuz &#8211; war es ihnen&nbsp; zu deutlich, war der Kreuzesgalgen ihnen zu grausem?<\/p>\n\n\n\n<p>Der gro\u00dfe Fisch schwimmt in Karfreitag, Ostern, Pfingsten. Die Kirche lebt vom Kreuzesopfer Christi, von seiner Auferstehung aus den Toten, vom Heiligen Geist, der die Flammen des Glaubens und der Liebe entz\u00fcndet. So l\u00f6st Gott der Herr selber die schweren Menschheitsfragen. Die Frage nach der Schuld, die immer wieder neu aufbricht unter uns. Und was ist der Tod &#8211; das schwarze Geheimnis; die einzige Gerechtigkeit, die es gibt; das unvermeidlich Scheu\u00dfliche? F\u00fcr die Schuld haben wir eine L\u00f6sung:<br>wir schieben sie weiter auf den anderen.<br>F\u00fcr den Tod haben wir keine.<\/p>\n\n\n\n<p>Gottes L\u00f6sungen: Schuld wird nicht verschoben, verdr\u00e4ngt, verleugnet &#8211;&nbsp; Schuld wird vergeben. Gr\u00f6\u00dftes aller Wunder: Geschehenes wird ungeschehen gemacht. Und die Auferstehung ist Gottes L\u00f6sung der Frage nach dem Tod. Und der Heilige Geist ist Gottes Antwort auf die Frage nach dem Lieben\u2013 und Glaubenk\u00f6nnen, nach&nbsp; dem neuen Leben.<\/p>\n\n\n\n<p>Aber wo ist dieses Leben in den Fenstern? Wir m\u00fcssen in den Chorraum hinaufgehen und sehen das vierte Fenster: den Mann, die Frau, Adam und Eva. Da springen uns entgegen Finsternis und Licht, Wasser und Erde, Gras und Kraut, V\u00f6gel und Tiere der sieben Sch\u00f6pfungstage &#8211; und die leuchtend rote Frucht, mit der unsere schwere Geschichte beginnt &#8230;<\/p>\n\n\n\n<p><em>Rudolf Sefranek<\/em><br><em>Pfarrer der Martin-Luther-Gemeinde 1969\u20141990<\/em><\/p>\n\n\n\n<hr class=\"wp-block-separator\"\/>\n\n\n\n<p>Habt keine Angst, ich bin es<\/p>\n\n\n\n<p>&#8222;Jesus forderte die J\u00fcnger auf, ins Boot zu steigen und an das andere Ufer vorauszufahren. Er schickte die Leute nach Haus und stieg auf einen&nbsp; Berg, um in Einsamkeit zu beten. Das Boot der J\u00fcnger war schon weit vom Land entfernt und wurde von hohen Wollen hin und her geworfen. In der vierten nachtwache kam Jesus auf dem See zu ihnen. Als sie ihn kommen sahen, erschraken sie, weil sie meinten, es sei ein Gespenst. Sie schrien vor Angst. Jesus begann mit ihnen zu reden und sagte: &#8218;Seid getrost, ich bin es; habt keine Angst!&#8216; Petrus erwiderte: Herr, wenn du es bist, so befiehl, dass ich auf dem Wasser zu dir komme! Jesus sagte: Komm! Petrus stieg aus dem Boot und ging \u00fcber das Wasser auf Jesus zu. Er sah den Wind, bekam Angst und begann, unterzugehen. Er schrie: Herr, rette mich! Jesus streckte die Hand aus, ergriff ihn und sagte: Du Kleingl\u00e4ubiger, warum hast du gezweifelt? Und der Wind legte sich. Wahrhaftig, Gottes Sohn!\u201c<\/p>\n\n\n\n<div class=\"wp-block-image\"><figure class=\"alignright\"><a href=\"http:\/\/stein-martin-luther.net\/wp-content\/uploads\/2015\/03\/Sturmfenster.jpg\"><img src=\"http:\/\/stein-martin-luther.net\/wp-content\/uploads\/2015\/03\/Sturmfenster-111x300.jpg\" alt=\"Sturmfenster\"\/><\/a><\/figure><\/div>\n\n\n\n<p>F\u00fcr die Menschen der Bibel ist das Meer h\u00e4ufig ein Symbol der Macht des Todes oder chaotischer Kr\u00e4fte, die in der Welt am Werk sind. Die Darstellung, wie Jesus&nbsp; \u00fcber das Meer geht, bedeutet, dass er Sieger \u00fcber den Tod und das Chaos ist. Schon wird er als der Auferstandene offenbar.<\/p>\n\n\n\n<p>Ist es m\u00f6glich, auf der Erde am Leben Christi teilzuhaben? Petrus hat diesen Wunsch, und Jesus geht darauf ein: \u201aKomm!\u2018, sagt er einfach. Mit einem einzigen Wort bedeutet er ihm, dass der Weg offen ist, zug\u00e4nglich f\u00fcr alle, die ihm nachfolgen wollen. Sich hier und jetzt auf das Leben&nbsp; der Auferstehung einzulassen, hei\u00dft, in ein Leben einzutreten, in dem man sich auf keine vorher gemachte Erfahrung st\u00fctzen kann, hei\u00dft, ganz im Vertrauen auf Gott zu leben.<\/p>\n\n\n\n<p>Wer behauptet, dass Jesus den Tod und die M\u00e4chte der Verwirrung besiegte, hat viele Tatsachen gegen sich. Wir sehen Kriege, Hass, blinde Gewalt, Menschenverachtung, das B\u00f6se in jeglicher Gestalt. Nur wer den Blick auf Christus gerichtet h\u00e4lt, kann eine andere, neue Wirklichkeit erfassen.<\/p>\n\n\n\n<p>Petrus versinkt, sobald er seinen Blick weg von Christus auf den Wind und die Wellen richtet. Ihm wird angst. Von dem Augenblick, in dem Petrus versinkt und ruft: \u201aHerr, rette mich!\u2018, \u00fcberliefert das Evangelium eine wichtige Einzelheit. Der Apostel vollbringt keine heroische&nbsp; Tat\u2014Christus ist es, der handelt: Jesus streckte die Hand aus und ergriff ihn! Unser Weg in der Nachfolge Christ beruht nicht auf eigener Kraft, sondern auf der Treue Christi. Christus fragt uns nicht: Bist du sicher, dass du gen\u00fcgend Kraft und Glauben hast? Er fragt: Glaubst du, dass ich an deiner Seite bin?<\/p>\n\n\n\n<p><em>Hans Brettreich<\/em><br><em>Pfarrer der Martin-Luther-Gemeinde 1990 &#8211;&nbsp; 2005<\/em><\/p>\n\n\n\n<hr class=\"wp-block-separator\"\/>\n\n\n\n<p>Gerne verweisen wir auch auf den Beitrag im Projekt &#8222;H\u00f6rpfade&#8220;<\/p>\n\n\n\n<p><strong>Die Fenster der Martin-Luther-Kirche<\/strong><\/p>\n\n\n\n<p><a href=\"https:\/\/www.klingende-landkarte.de\/stein\/die-fenster-der-martin-luther-kirche\/\">https:\/\/www.klingende-landkarte.de\/stein\/die-fenster-der-martin-luther-kirche\/<\/a><\/p>\n\n\n\n<p><em>Diese Station ist im Rahmen des Projekts &#8222;H\u00f6rpfade&#8220; entstanden. Die H\u00f6rpfade sind ein Projekt des Bayerischen Volkshochschulverbandes in Zusammenarbeit mit dem Bayerischen Rundfunk und der Stiftung Zuh\u00f6ren.<\/em><\/p>\n","protected":false},"excerpt":{"rendered":"<p>Wir gewahren ihn schon im Hineingehen: den einzigen gro\u00dfen k\u00fcnstlerischen Schmuck in dieser sonst so schlichten Kirche: gro\u00dfe bunte Glasfenster. Mit ihnen bracuth es kein weiteres Altarbild. Wenn die Sonne untergeht, strahlen die Farben. Die Fenster sind nicht traditionell gestaltet, so dass man schnell hinblicken, nicken und begreifen k\u00f6nnte. \u00dcbermodern<\/p>\n","protected":false},"author":1,"featured_media":0,"parent":0,"menu_order":0,"comment_status":"closed","ping_status":"open","template":"","meta":{"pgc_sgb_lightbox_settings":""},"_links":{"self":[{"href":"https:\/\/stein-martin-luther.net\/wp-json\/wp\/v2\/pages\/53"}],"collection":[{"href":"https:\/\/stein-martin-luther.net\/wp-json\/wp\/v2\/pages"}],"about":[{"href":"https:\/\/stein-martin-luther.net\/wp-json\/wp\/v2\/types\/page"}],"author":[{"embeddable":true,"href":"https:\/\/stein-martin-luther.net\/wp-json\/wp\/v2\/users\/1"}],"replies":[{"embeddable":true,"href":"https:\/\/stein-martin-luther.net\/wp-json\/wp\/v2\/comments?post=53"}],"version-history":[{"count":11,"href":"https:\/\/stein-martin-luther.net\/wp-json\/wp\/v2\/pages\/53\/revisions"}],"predecessor-version":[{"id":2807,"href":"https:\/\/stein-martin-luther.net\/wp-json\/wp\/v2\/pages\/53\/revisions\/2807"}],"wp:attachment":[{"href":"https:\/\/stein-martin-luther.net\/wp-json\/wp\/v2\/media?parent=53"}],"curies":[{"name":"wp","href":"https:\/\/api.w.org\/{rel}","templated":true}]}}