{"id":503,"date":"2015-03-27T22:48:45","date_gmt":"2015-03-27T21:48:45","guid":{"rendered":"http:\/\/stein-martin-luther.net\/?page_id=503"},"modified":"2024-08-29T21:06:46","modified_gmt":"2024-08-29T19:06:46","slug":"trauung","status":"publish","type":"page","link":"https:\/\/stein-martin-luther.net\/?page_id=503","title":{"rendered":"Trauung"},"content":{"rendered":"\n<p class=\"has-text-align-left\">Die christliche Trauung setzt den Willen beider Ehepartner zu einer lebenslangen, exklusiven Partnerschaft voraus, die in Liebe und unter dem Segen und der F\u00fchrung Gottes gelebt wird.<\/p>\n\n\n\n<div class=\"wp-block-columns\">\n<div class=\"wp-block-column\">\n<p>Wenn Sie heiraten m\u00f6chten, nehmen Sie bitte fr\u00fchzeitig mit uns Kontakt auf, damit wir auf Ihre Terminw\u00fcnsche nach M\u00f6glichkeit eingehen k\u00f6nnen. Informationen f\u00fcr Brautpaare, die in der Martin-Luther-Kirche heiraten wollen, finden Sie <a href=\"https:\/\/stein-martin-luther.net\/wp-content\/uploads\/2024\/08\/Merkblatt-fuer-Trauungen-2024.pdf\">hier &#8230;<\/a><\/p>\n\n\n\n<p>Weitere allgemeine Informationen zur Trauung und eine gute Auswahl von biblischen Trauspr\u00fcchen finden Sie hier: <a href=\"http:\/\/www.trauspruch.de\">www.trauspruch.de<\/a><\/p>\n<\/div>\n\n\n\n<div class=\"wp-block-column\">\n<figure class=\"wp-block-image size-large is-resized\"><img loading=\"lazy\" src=\"https:\/\/stein-martin-luther.net\/wp-content\/uploads\/2023\/04\/FUNDUS_9987_41-scr-1024x731.jpg\" alt=\"\" class=\"wp-image-2799\" width=\"414\" height=\"295\" srcset=\"https:\/\/stein-martin-luther.net\/wp-content\/uploads\/2023\/04\/FUNDUS_9987_41-scr-1024x731.jpg 1024w, https:\/\/stein-martin-luther.net\/wp-content\/uploads\/2023\/04\/FUNDUS_9987_41-scr-600x429.jpg 600w, https:\/\/stein-martin-luther.net\/wp-content\/uploads\/2023\/04\/FUNDUS_9987_41-scr-768x549.jpg 768w, https:\/\/stein-martin-luther.net\/wp-content\/uploads\/2023\/04\/FUNDUS_9987_41-scr.jpg 1120w\" sizes=\"(max-width: 414px) 100vw, 414px\" \/><figcaption>\u00a9 Sandra Hirschke \/ fundus-medien.de<\/figcaption><\/figure>\n<\/div>\n<\/div>\n","protected":false},"excerpt":{"rendered":"<p>Die christliche Trauung setzt den Willen beider Ehepartner zu einer lebenslangen, exklusiven Partnerschaft voraus, die in Liebe und unter dem Segen und der F\u00fchrung Gottes gelebt wird. Wenn Sie heiraten m\u00f6chten, nehmen Sie bitte fr\u00fchzeitig mit uns Kontakt auf, damit wir auf Ihre Terminw\u00fcnsche nach M\u00f6glichkeit eingehen k\u00f6nnen. Informationen f\u00fcr<\/p>\n","protected":false},"author":1,"featured_media":0,"parent":0,"menu_order":0,"comment_status":"closed","ping_status":"closed","template":"","meta":{"pgc_sgb_lightbox_settings":""},"_links":{"self":[{"href":"https:\/\/stein-martin-luther.net\/index.php?rest_route=\/wp\/v2\/pages\/503"}],"collection":[{"href":"https:\/\/stein-martin-luther.net\/index.php?rest_route=\/wp\/v2\/pages"}],"about":[{"href":"https:\/\/stein-martin-luther.net\/index.php?rest_route=\/wp\/v2\/types\/page"}],"author":[{"embeddable":true,"href":"https:\/\/stein-martin-luther.net\/index.php?rest_route=\/wp\/v2\/users\/1"}],"replies":[{"embeddable":true,"href":"https:\/\/stein-martin-luther.net\/index.php?rest_route=%2Fwp%2Fv2%2Fcomments&post=503"}],"version-history":[{"count":7,"href":"https:\/\/stein-martin-luther.net\/index.php?rest_route=\/wp\/v2\/pages\/503\/revisions"}],"predecessor-version":[{"id":2991,"href":"https:\/\/stein-martin-luther.net\/index.php?rest_route=\/wp\/v2\/pages\/503\/revisions\/2991"}],"wp:attachment":[{"href":"https:\/\/stein-martin-luther.net\/index.php?rest_route=%2Fwp%2Fv2%2Fmedia&parent=503"}],"curies":[{"name":"wp","href":"https:\/\/api.w.org\/{rel}","templated":true}]}}