{"id":476,"date":"2015-03-27T22:31:13","date_gmt":"2015-03-27T21:31:13","guid":{"rendered":"http:\/\/stein-martin-luther.net\/?page_id=476"},"modified":"2020-05-03T00:18:41","modified_gmt":"2020-05-02T22:18:41","slug":"geschichte","status":"publish","type":"page","link":"https:\/\/stein-martin-luther.net\/?page_id=476","title":{"rendered":"Geschichte"},"content":{"rendered":"<p>Auf dieser Seite finden Sie Beitr\u00e4ge zur Geschichte unserer Kirchengemeinde.<\/p>\n<ul>\n<li>Ein interessanter Artikel von Wolf. M. Hergert \u00fcber Pfarrer Rochholz und die Kirchengemeinde im 3. Reich aus der Zeitschrift f\u00fcr Kirchengeschichte ist hier nachzulesen:<br \/>\n<a title=\"Ernst Rochholz \u2013 Pfarrer in Stein in schwerer Zeit\" href=\"http:\/\/stein-martin-luther.net\/wp-content\/uploads\/2015\/03\/ZBKG_Jg81-2012_ErnstRochholz.pdf\">Ernst Rochholz \u2013Pfarrer in Stein in schwerer Zeit<\/a><\/p>\n<hr>\n<\/li>\n<li style=\"text-align: left;\">Am 27. Juni 2010 kam es zu einem Brand in unserer Kirche. Ausgel\u00f6st von einem brennenden Teelicht, das auf einem Bankpolster abgestellt war, wurde die vorderste Bank auf der Kanzelseite zerst\u00f6rt. Au\u00dferdem entstand nicht unerheblicher Schaden durch die starke Ru\u00dfentwicklung.<br \/>\nWir sind sehr dankbar, dass der Brand relativ bald entdeckt und von den freiwilligen Feuerwehren der Stadt schnell unter Kontrolle gebracht wurde. Im Verh\u00e4ltnis zu dem, was h\u00e4tte passieren k\u00f6nnen, hielt sich der Schaden in Grenzen.<br \/>\nBis zum Herbst 2010 konnten die Verschmutzungen beseitigt, alle W\u00e4nde neu gekalkt, die Orgel komplett gereinigt sowie die verunreinigten L\u00e4ufer durch neue ersetzt werden.<\/li>\n<\/ul>\n<p><a href=\"http:\/\/stein-martin-luther.net\/wp-content\/uploads\/2015\/03\/Verbrannte-Kirchenbank.jpg\"><img loading=\"lazy\" class=\"size-medium wp-image-133 aligncenter\" src=\"http:\/\/stein-martin-luther.net\/wp-content\/uploads\/2015\/03\/Verbrannte-Kirchenbank-300x225.jpg\" alt=\"Verbrannte Kirchenbank\" width=\"300\" height=\"225\" srcset=\"https:\/\/stein-martin-luther.net\/wp-content\/uploads\/2015\/03\/Verbrannte-Kirchenbank-300x225.jpg 300w, https:\/\/stein-martin-luther.net\/wp-content\/uploads\/2015\/03\/Verbrannte-Kirchenbank.jpg 512w\" sizes=\"(max-width: 300px) 100vw, 300px\" \/><\/a><\/p>\n<hr>\n<p>&nbsp;<\/p>\n","protected":false},"excerpt":{"rendered":"<p>Auf dieser Seite finden Sie Beitr\u00e4ge zur Geschichte unserer Kirchengemeinde. Ein interessanter Artikel von Wolf. M. Hergert \u00fcber Pfarrer Rochholz und die Kirchengemeinde im 3. Reich aus der Zeitschrift f\u00fcr Kirchengeschichte ist hier nachzulesen: Ernst Rochholz \u2013Pfarrer in Stein in schwerer Zeit Am 27. Juni 2010 kam es zu einem<\/p>\n","protected":false},"author":1,"featured_media":0,"parent":0,"menu_order":0,"comment_status":"closed","ping_status":"open","template":"page-templates\/full-width.php","meta":{"pgc_sgb_lightbox_settings":""},"_links":{"self":[{"href":"https:\/\/stein-martin-luther.net\/index.php?rest_route=\/wp\/v2\/pages\/476"}],"collection":[{"href":"https:\/\/stein-martin-luther.net\/index.php?rest_route=\/wp\/v2\/pages"}],"about":[{"href":"https:\/\/stein-martin-luther.net\/index.php?rest_route=\/wp\/v2\/types\/page"}],"author":[{"embeddable":true,"href":"https:\/\/stein-martin-luther.net\/index.php?rest_route=\/wp\/v2\/users\/1"}],"replies":[{"embeddable":true,"href":"https:\/\/stein-martin-luther.net\/index.php?rest_route=%2Fwp%2Fv2%2Fcomments&post=476"}],"version-history":[{"count":11,"href":"https:\/\/stein-martin-luther.net\/index.php?rest_route=\/wp\/v2\/pages\/476\/revisions"}],"predecessor-version":[{"id":1783,"href":"https:\/\/stein-martin-luther.net\/index.php?rest_route=\/wp\/v2\/pages\/476\/revisions\/1783"}],"wp:attachment":[{"href":"https:\/\/stein-martin-luther.net\/index.php?rest_route=%2Fwp%2Fv2%2Fmedia&parent=476"}],"curies":[{"name":"wp","href":"https:\/\/api.w.org\/{rel}","templated":true}]}}