{"id":434,"date":"2015-03-22T19:57:21","date_gmt":"2015-03-22T18:57:21","guid":{"rendered":"http:\/\/stein-martin-luther.net\/?page_id=434"},"modified":"2021-01-18T15:37:12","modified_gmt":"2021-01-18T14:37:12","slug":"gottesdienste","status":"publish","type":"page","link":"https:\/\/stein-martin-luther.net\/?page_id=434","title":{"rendered":"Gottesdienste"},"content":{"rendered":"<p style=\"text-align: left;\" align=\"RIGHT\">Der Gottesdienst steht im Mittelpunkt unseres Gemeindelebens.<\/p>\n<p style=\"text-align: left;\" align=\"RIGHT\">&#8222;Der&#8220; Gottesdienst zeigt sich\u00a0 dabei jedoch in ganz verschiedenen Formen.<\/p>\n<p style=\"text-align: left;\" align=\"RIGHT\">Unsere Kirche verf\u00fcgt seit 2007 \u00fcber eine Lautsprecheranlage, die h\u00f6chsten Ma\u00dfst\u00e4ben gen\u00fcgt. Auch H\u00f6rger\u00e4tetr\u00e4gern ist durch die erneuerte Induktionsschleife die M\u00f6glichkeit gegeben, den Gottesdienst in sehr guter akustischer Qualit\u00e4t zu verfolgen.<\/p>\n<p><a href=\"http:\/\/www.evangelische-termine.de\/veranstaltungen2?vid=832\"><b>Termine finden Sie hier<\/b><\/a><\/p>\n\n\n<p><\/p>\n","protected":false},"excerpt":{"rendered":"<p>Der Gottesdienst steht im Mittelpunkt unseres Gemeindelebens. &#8222;Der&#8220; Gottesdienst zeigt sich\u00a0 dabei jedoch in ganz verschiedenen Formen. Unsere Kirche verf\u00fcgt seit 2007 \u00fcber eine Lautsprecheranlage, die h\u00f6chsten Ma\u00dfst\u00e4ben gen\u00fcgt. Auch H\u00f6rger\u00e4tetr\u00e4gern ist durch die erneuerte Induktionsschleife die M\u00f6glichkeit gegeben, den Gottesdienst in sehr guter akustischer Qualit\u00e4t zu verfolgen. Termine finden<\/p>\n","protected":false},"author":1,"featured_media":0,"parent":0,"menu_order":0,"comment_status":"closed","ping_status":"open","template":"page-templates\/full-width.php","meta":{"pgc_sgb_lightbox_settings":""},"_links":{"self":[{"href":"https:\/\/stein-martin-luther.net\/index.php?rest_route=\/wp\/v2\/pages\/434"}],"collection":[{"href":"https:\/\/stein-martin-luther.net\/index.php?rest_route=\/wp\/v2\/pages"}],"about":[{"href":"https:\/\/stein-martin-luther.net\/index.php?rest_route=\/wp\/v2\/types\/page"}],"author":[{"embeddable":true,"href":"https:\/\/stein-martin-luther.net\/index.php?rest_route=\/wp\/v2\/users\/1"}],"replies":[{"embeddable":true,"href":"https:\/\/stein-martin-luther.net\/index.php?rest_route=%2Fwp%2Fv2%2Fcomments&post=434"}],"version-history":[{"count":4,"href":"https:\/\/stein-martin-luther.net\/index.php?rest_route=\/wp\/v2\/pages\/434\/revisions"}],"predecessor-version":[{"id":2041,"href":"https:\/\/stein-martin-luther.net\/index.php?rest_route=\/wp\/v2\/pages\/434\/revisions\/2041"}],"wp:attachment":[{"href":"https:\/\/stein-martin-luther.net\/index.php?rest_route=%2Fwp%2Fv2%2Fmedia&parent=434"}],"curies":[{"name":"wp","href":"https:\/\/api.w.org\/{rel}","templated":true}]}}