{"id":413,"date":"2015-03-21T12:42:32","date_gmt":"2015-03-21T11:42:32","guid":{"rendered":"http:\/\/stein-martin-luther.net\/?page_id=413"},"modified":"2021-04-06T23:42:13","modified_gmt":"2021-04-06T21:42:13","slug":"altes-pfarrhaus","status":"publish","type":"page","link":"https:\/\/stein-martin-luther.net\/?page_id=413","title":{"rendered":"Altes Pfarrhaus"},"content":{"rendered":"\n<p class=\"has-text-align-left\">Am Martin-Luther-Platz 1, am Eck zur Hauptstra\u00dfe, steht das <b>Alte Pfarrhaus<\/b>.<br>Darin befinden sich das B\u00fcro unserer Gemeindediakonin, sowie die <a href=\"http:\/\/www.diakonie-stein.de\">Diakoniestation Stein <\/a>und das B\u00fcro der <a href=\"http:\/\/www.fuerth-evangelisch.de\/dekanat\/mav_fuerth_land.html\">Mitarbeitervertretung des Dekanats F\u00fcrth-Land<\/a>.<\/p>\n\n\n\n<figure class=\"wp-block-image\"><a href=\"http:\/\/stein-martin-luther.net\/wp-content\/uploads\/2015\/03\/Altes-Pfarrhaus.jpg\"><img loading=\"lazy\" width=\"300\" height=\"225\" src=\"http:\/\/stein-martin-luther.net\/wp-content\/uploads\/2015\/03\/Altes-Pfarrhaus-300x225.jpg\" alt=\"Altes Pfarrhaus\" class=\"wp-image-125\" srcset=\"https:\/\/stein-martin-luther.net\/wp-content\/uploads\/2015\/03\/Altes-Pfarrhaus-300x225.jpg 300w, https:\/\/stein-martin-luther.net\/wp-content\/uploads\/2015\/03\/Altes-Pfarrhaus.jpg 340w\" sizes=\"(max-width: 300px) 100vw, 300px\" \/><\/a><\/figure>\n","protected":false},"excerpt":{"rendered":"<p>Am Martin-Luther-Platz 1, am Eck zur Hauptstra\u00dfe, steht das Alte Pfarrhaus.Darin befinden sich das B\u00fcro unserer Gemeindediakonin, sowie die Diakoniestation Stein und das B\u00fcro der Mitarbeitervertretung des Dekanats F\u00fcrth-Land.<\/p>\n","protected":false},"author":1,"featured_media":0,"parent":0,"menu_order":0,"comment_status":"closed","ping_status":"open","template":"","meta":{"pgc_sgb_lightbox_settings":""},"_links":{"self":[{"href":"https:\/\/stein-martin-luther.net\/index.php?rest_route=\/wp\/v2\/pages\/413"}],"collection":[{"href":"https:\/\/stein-martin-luther.net\/index.php?rest_route=\/wp\/v2\/pages"}],"about":[{"href":"https:\/\/stein-martin-luther.net\/index.php?rest_route=\/wp\/v2\/types\/page"}],"author":[{"embeddable":true,"href":"https:\/\/stein-martin-luther.net\/index.php?rest_route=\/wp\/v2\/users\/1"}],"replies":[{"embeddable":true,"href":"https:\/\/stein-martin-luther.net\/index.php?rest_route=%2Fwp%2Fv2%2Fcomments&post=413"}],"version-history":[{"count":5,"href":"https:\/\/stein-martin-luther.net\/index.php?rest_route=\/wp\/v2\/pages\/413\/revisions"}],"predecessor-version":[{"id":2183,"href":"https:\/\/stein-martin-luther.net\/index.php?rest_route=\/wp\/v2\/pages\/413\/revisions\/2183"}],"wp:attachment":[{"href":"https:\/\/stein-martin-luther.net\/index.php?rest_route=%2Fwp%2Fv2%2Fmedia&parent=413"}],"curies":[{"name":"wp","href":"https:\/\/api.w.org\/{rel}","templated":true}]}}