{"id":340,"date":"2015-03-19T21:15:29","date_gmt":"2015-03-19T20:15:29","guid":{"rendered":"http:\/\/stein-martin-luther.net\/?page_id=340"},"modified":"2025-03-30T12:49:38","modified_gmt":"2025-03-30T10:49:38","slug":"posaunenchor-stein","status":"publish","type":"page","link":"https:\/\/stein-martin-luther.net\/?page_id=340","title":{"rendered":"Posaunenchor Stein"},"content":{"rendered":"<p><strong>Mitmachen ist besser als Zuh\u00f6ren!<\/strong><\/p>\n<p>Klavierspielen ist sch\u00f6n, aber Musik in der Gruppe macht doch mehr Spa\u00df als alleine. Und dass uns das Blasen Spa\u00df macht, soll ruhig die ganze Gemeinde h\u00f6ren: Kirchenmusik muss nicht ernst und langweilig sein! Zur Zeit sind wir fast zwanzig Bl\u00e4ser im Steiner Posaunenchor, doch wir w\u00e4ren gern noch mehr, deshalb: Wenn du ein \u201eHeiligs Blechle\u201c spielst oder spielen willst, melde dich doch mal bei uns! Ob Bass, Tuba, Posaune, Trompete, Fl\u00fcgelhorn: grunds\u00e4tzlich alle Blechbl\u00e4ser sind uns willkommen. <\/p>\n<p><strong>Voraussetzungen:<\/strong><br \/>\u2022 Du bist mindestens 10 Jahre alt und hast feste Vorderz\u00e4hne<br \/>\u2022 Du kommst sonntags vor neun Uhr aus dem Bett<br \/>\u2022 Du \u00fcbst regelm\u00e4\u00dfig mit uns (und gern auch mal allein)<\/p>\n<p><strong>Noch Fragen?<\/strong> Antworten gibt\u2019s bei Andrea Petzoldt &#8211; Telefon 0911\/678518 oder 0174\/7411837 oder per email <a href=\"mailto:j_a_petzoldt@web.de\">j_a_petzoldt@web.de<\/a> .<\/p>\n<p>Der Chor trifft sich regelm\u00e4\u00dfig am Donnerstag um 19:30 Uhr im Gemeindehaus.<\/p>\n<p style=\"text-align: left;\" align=\"RIGHT\">\u00a0<\/p>\n\n\n<figure class=\"wp-block-image size-large\"><img loading=\"lazy\" width=\"1024\" height=\"487\" src=\"https:\/\/stein-martin-luther.net\/wp-content\/uploads\/2025\/03\/IMG_9977_beschnitten-1-1024x487.jpg\" alt=\"\" class=\"wp-image-3084\" srcset=\"https:\/\/stein-martin-luther.net\/wp-content\/uploads\/2025\/03\/IMG_9977_beschnitten-1-1024x487.jpg 1024w, https:\/\/stein-martin-luther.net\/wp-content\/uploads\/2025\/03\/IMG_9977_beschnitten-1-600x286.jpg 600w, https:\/\/stein-martin-luther.net\/wp-content\/uploads\/2025\/03\/IMG_9977_beschnitten-1-768x366.jpg 768w, https:\/\/stein-martin-luther.net\/wp-content\/uploads\/2025\/03\/IMG_9977_beschnitten-1-1536x731.jpg 1536w, https:\/\/stein-martin-luther.net\/wp-content\/uploads\/2025\/03\/IMG_9977_beschnitten-1-2048x975.jpg 2048w\" sizes=\"(max-width: 1024px) 100vw, 1024px\" \/><\/figure>\n","protected":false},"excerpt":{"rendered":"<p>Mitmachen ist besser als Zuh\u00f6ren! Klavierspielen ist sch\u00f6n, aber Musik in der Gruppe macht doch mehr Spa\u00df als alleine. Und dass uns das Blasen Spa\u00df macht, soll ruhig die ganze Gemeinde h\u00f6ren: Kirchenmusik muss nicht ernst und langweilig sein! Zur Zeit sind wir fast zwanzig Bl\u00e4ser im Steiner Posaunenchor, doch<\/p>\n","protected":false},"author":1,"featured_media":0,"parent":0,"menu_order":0,"comment_status":"closed","ping_status":"closed","template":"","meta":{"pgc_sgb_lightbox_settings":""},"_links":{"self":[{"href":"https:\/\/stein-martin-luther.net\/index.php?rest_route=\/wp\/v2\/pages\/340"}],"collection":[{"href":"https:\/\/stein-martin-luther.net\/index.php?rest_route=\/wp\/v2\/pages"}],"about":[{"href":"https:\/\/stein-martin-luther.net\/index.php?rest_route=\/wp\/v2\/types\/page"}],"author":[{"embeddable":true,"href":"https:\/\/stein-martin-luther.net\/index.php?rest_route=\/wp\/v2\/users\/1"}],"replies":[{"embeddable":true,"href":"https:\/\/stein-martin-luther.net\/index.php?rest_route=%2Fwp%2Fv2%2Fcomments&post=340"}],"version-history":[{"count":7,"href":"https:\/\/stein-martin-luther.net\/index.php?rest_route=\/wp\/v2\/pages\/340\/revisions"}],"predecessor-version":[{"id":3085,"href":"https:\/\/stein-martin-luther.net\/index.php?rest_route=\/wp\/v2\/pages\/340\/revisions\/3085"}],"wp:attachment":[{"href":"https:\/\/stein-martin-luther.net\/index.php?rest_route=%2Fwp%2Fv2%2Fmedia&parent=340"}],"curies":[{"name":"wp","href":"https:\/\/api.w.org\/{rel}","templated":true}]}}