

{"id":34,"date":"2014-05-10T15:26:55","date_gmt":"2014-05-10T13:26:55","guid":{"rendered":"http:\/\/stein-martin-luther.net\/?page_id=34"},"modified":"2025-11-13T12:00:30","modified_gmt":"2025-11-13T11:00:30","slug":"pfarramt","status":"publish","type":"page","link":"https:\/\/stein-martin-luther.net\/?page_id=34","title":{"rendered":"Kontakte"},"content":{"rendered":"\n<h3 id=\"pfarramt-und-friedhofsverwaltung\"><strong>Pfarramt und Friedhofsverwaltung<\/strong><\/h3>\n\n\n\n<div class=\"wp-block-columns\">\n<div class=\"wp-block-column\">\n<p>Evang.-Luth. Kirchengemeinde Stein<br>Martin-Luther-Kirche<br>Martin-Luther-Platz 3<br>90547 Stein<br><strong>Sekretariat<\/strong><br>Laura Halmen<br><strong>Telefon<br><\/strong>0911 &#8211; 67 61 97<br><strong>Fax<br><\/strong>0911 &#8211; 68 81 10<br><strong>E-mail<br><\/strong><a href=\"mailto:pfarramt.martinluther.stein@elkb.de\">pfarramt.martinluther.stein@elkb.de<\/a><\/p>\n<\/div>\n\n\n\n<div class=\"wp-block-column\">\n<p><strong>\u00d6ffnungszeiten<br><\/strong>Montag 16 &#8211; 18 Uhr<br>Dienstag 10 &#8211; 12 Uhr<br>Mittwoch geschlossen<br>Donnerstag 10 &#8211; 12 Uhr<br>Freitag 10 &#8211; 12 Uhr<\/p>\n<\/div>\n\n\n\n<div class=\"wp-block-column\">\n<figure class=\"wp-block-image size-large is-resized is-style-default\"><img loading=\"lazy\" src=\"https:\/\/stein-martin-luther.net\/wp-content\/uploads\/2014\/05\/Kirche-in-der-Abendsonne.jpg\" alt=\"\" class=\"wp-image-390\" width=\"173\" height=\"259\" srcset=\"https:\/\/stein-martin-luther.net\/wp-content\/uploads\/2014\/05\/Kirche-in-der-Abendsonne.jpg 252w, https:\/\/stein-martin-luther.net\/wp-content\/uploads\/2014\/05\/Kirche-in-der-Abendsonne-200x300.jpg 200w\" sizes=\"(max-width: 173px) 100vw, 173px\" \/><\/figure>\n<\/div>\n<\/div>\n\n\n\n<h3 id=\"bankverbindungen\"><b><strong>Bankverbindungen<\/strong><\/b><\/h3>\n\n\n\n<p>Ev. Martin Luther Kirche Stein<br>VR-Bank Stein<br>DE20 7606 9559 0001 4350 51 <\/p>\n\n\n\n<p><\/p>\n\n\n\n<p><\/p>\n\n\n\n<hr class=\"wp-block-separator\"\/>\n\n\n\n<h3 id=\"stellen-und-einrichtungen\">Stellen und Einrichtungen<\/h3>\n\n\n\n<div class=\"wp-block-columns\">\n<div class=\"wp-block-column\">\n<p><strong>Pfarrer <\/strong><br>Ralph Baudisch<br>Tel. 0911-25 56 95 90<br><a href=\"mailto:ralph.baudisch@elkb.de\" data-type=\"mailto\" data-id=\"mailto:ralph.baudisch@elkb.de\">ralph.baudisch@elkb.de<\/a><\/p>\n\n\n\n<p><br><strong>Mesnerin<\/strong><br>Sabine Kolb<\/p>\n<\/div>\n\n\n\n<div class=\"wp-block-column\">\n<p><strong>Geistliche Begleitung<\/strong><br>Barbara Valenta<br>Tel. 0911-66 29 31<\/p>\n\n\n\n<p><strong>Vertrauensfrau des Kirchenvorstandes<\/strong><br>Susanne Mitterer-Dippold<br>Tel. 0911-67 62 56<\/p>\n\n\n\n<p><strong>Vertrauensmann des Kirchenvorstandes<\/strong><br>Peter Geuder<br>Tel. 0911-68 27 13<br><\/p>\n<\/div>\n<\/div>\n\n\n\n<div class=\"wp-block-columns\">\n<div class=\"wp-block-column\">\n<p><strong>Gesch\u00e4ftsf\u00fchrerin der Kindertagesst\u00e4tten<\/strong><br>f\u00fcr Martin-Luther und Paul-Gerhardt<br>Petra Sieber<br>Tel. 0160-3289441<br><a href=\"mailto:petra.sieber@elkb.de\">petra.sieber@elkb.de<\/a><\/p>\n\n\n\n<p><\/p>\n<\/div>\n\n\n\n<div class=\"wp-block-column\">\n<p><strong>Kinderkrippe \u201eGr\u00e4fin Katharina\u201c<\/strong><br>Stephanie Kreutzer, N\u00fcrnberger Str. 1a<br>Tel. 68 90 90 25<br><a href=\"https:\/\/www.kita-martin-luther-stein.de\">https:\/\/www.kita-martin-luther-stein.de<\/a><br><a href=\"mailto:krippe.graefin-katharina.ste@elkb.de\" data-type=\"mailto\" data-id=\"mailto:krippe.graefin-katharina.ste@elkb.de\">krippe.graefin-katharina.ste@elkb.de<\/a><br><\/p>\n\n\n\n<p><strong>Kindergarten \u201eGr\u00e4fin Ottilie\u201c<\/strong><br>Simone Hayduk, Ottilienstr. 1<br>Tel. 67 47 04<br><a href=\"https:\/\/www.kita-martin-luther-stein.de\">https:\/\/www.kita-martin-luther-stein.de<\/a><br><a href=\"mailto:kita.martin-luther.stein@elkb.de\" data-type=\"mailto\" data-id=\"mailto:kita.martin-luther.stein@elkb.de\">kita.martin-luther.stein@elkb.de<\/a><\/p>\n<\/div>\n<\/div>\n\n\n\n<hr class=\"wp-block-separator\"\/>\n\n\n\n<h3 id=\"wo-sie-uns-finden\">Wo Sie uns finden: <\/h3>\n\n\n\n<p> <a href=\"https:\/\/www.openstreetmap.org\/?mlat=49.41440&amp;mlon=11.01504#map=17\/49.41440\/11.01504\" data-type=\"URL\" data-id=\"https:\/\/www.openstreetmap.org\/?mlat=49.41440&amp;mlon=11.01504#map=17\/49.41440\/11.01504\" target=\"_blank\" rel=\"noreferrer noopener\">https:\/\/www.openstreetmap.org\/?mlat=49.41440&amp;mlon=11.01504#map=17\/49.41440\/11.01504<\/a><\/p>\n\n\n\n\n\t\t\t\t<div id=\"map_ol3js_1\" class=\"map undefined\" data-map_name=\"undefined\" data-map=\"map_ol3js_1\" style=\"width:95%; max-width:100%; height:450px; display:block; overflow:hidden;border:thin solid purple;\" >\n\t\t\t\t  <div id=\"map_ol3js_1_popup\" class=\"ol-popup\" >\n\t\t\t\t\t<a href=\"#\" id=\"map_ol3js_1_popup-closer\" class=\"ol-popup-closer\"><\/a>\n\t\t\t\t\t<div id=\"map_ol3js_1_popup-content\" ><\/div>\n\t\t\t\t  <\/div>\n\t\t\t\t<\/div>\n\t\t\t\n\t\t\t\t<link rel=\"stylesheet\" href=\"https:\/\/stein-martin-luther.net\/wp-content\/plugins\/osm\/js\/OL\/6.9.0\/ol.css?ver=6.9.0\" type=\"text\/css\">\n\t\t\t\t<link rel=\"stylesheet\" href=\"https:\/\/stein-martin-luther.net\/wp-content\/plugins\/osm\/css\/osm_map_v3.css?ver=1.0.0\" type=\"text\/css\">\n\t\t\t\t<link rel=\"stylesheet\" href=\"https:\/\/stein-martin-luther.net\/wp-content\/plugins\/osm\/css\/osm_map.css?ver=1.0.0\" type=\"text\/css\">\n\t\t\t\t<!-- The line below is only needed for old environments like Internet Explorer and Android 4.x -->\n                                <script src=\"https:\/\/stein-martin-luther.net\/wp-content\/plugins\/osm\/js\/polyfill\/v2\/polyfill.min.js?features=requestAnimationFrame,Element.prototype.classList,URL\"><\/script>\n\n\t\t\t\t<script src=\"https:\/\/stein-martin-luther.net\/wp-content\/plugins\/osm\/js\/OL\/6.9.0\/ol.js?ver=6.9.0\" type=\"text\/javascript\"><\/script>\n\t\t\t\t<script src=\"https:\/\/stein-martin-luther.net\/wp-content\/plugins\/osm\/js\/osm-v3-plugin-lib.js?ver=1.0.0\" type=\"text\/javascript\"><\/script>\n\t\t\t\t<script src=\"https:\/\/stein-martin-luther.net\/wp-content\/plugins\/osm\/js\/osm-metabox-events.js?ver=1.0.0\" type=\"text\/javascript\"><\/script>\n\t\t\t\t<script src=\"https:\/\/stein-martin-luther.net\/wp-content\/plugins\/osm\/js\/osm-startup-lib.js\" type=\"text\/javascript\"><\/script>\n\t\t\t\t<script type=\"text\/javascript\">\n\t\t\t\t\ttranslations['openlayer'] = \"open layer\";\n\t\t\t\t\ttranslations['openlayerAtStartup'] = \"open layer at startup\";\n\t\t\t\t\ttranslations['generateLink'] = \"Der Link zur Karte mit ausgew\u00e4hlten Overlays und angezeigtem Ausschnitt\";\n\t\t\t\t\ttranslations['shortDescription'] = \"Kurzbeschreibung\";\n\t\t\t\t\ttranslations['generatedShortCode'] = \"to get a text control link paste this code in your wordpress editor\";\n\t\t\t\t\ttranslations['closeLayer'] = \"close layer\";\n\t\t\t\t\ttranslations['cantGenerateLink'] = \"put this string in the existing map short code to control this map\";\n\t\t\t  <\/script>\n\n\n\t\t\t  <script type=\"text\/javascript\">\n\t\t\t  vectorM['map_ol3js_1'] = [];\n\t        \n        var raster = getTileLayer(\"osm\",\"NoKey\");\t\t\t\n\n\t\t\t  var map_ol3js_1 = new ol.Map({\n\t\t\t\tinteractions: ol.interaction.defaults({mouseWheelZoom:false}),\n\t\t\t\tlayers: [raster],\n\t\t\t\ttarget: \"map_ol3js_1\",\n\t\t\t\tview: new ol.View({\n\t\t\t\t  center: ol.proj.transform([11.0148,49.4145], \"EPSG:4326\", \"EPSG:3857\"),\n\t\t\t\t  zoom: 18.0\n\t\t\t\t})\n\t\t\t  });\n\t\t\t  osm_addMarkerLayer(map_ol3js_1,11.0150,49.4144,\"https:\/\/stein-martin-luther.net\/wp-content\/plugins\/osm\/icons\/mic_black_godhouse_10.png\",-16,-41,\"Martin-Luther KircheStein  <\/a><br \/>\") ; \naddControls2Map(map_ol3js_1,1,0,3,1,5,6,7,1,1);\nosm_addPopupClickhandler(map_ol3js_1,  \"map_ol3js_1\"); \nosm_addMouseHover(map_ol3js_1); <\/script>\n\n\n\n<p><\/p>\n","protected":false},"excerpt":{"rendered":"<p>Pfarramt und Friedhofsverwaltung Evang.-Luth. Kirchengemeinde SteinMartin-Luther-KircheMartin-Luther-Platz 390547 SteinSekretariatLaura HalmenTelefon0911 &#8211; 67 61 97Fax0911 &#8211; 68 81 10E-mailpfarramt.martinluther.stein@elkb.de \u00d6ffnungszeitenMontag 16 &#8211; 18 UhrDienstag 10 &#8211; 12 UhrMittwoch geschlossenDonnerstag 10 &#8211; 12 UhrFreitag 10 &#8211; 12 Uhr Bankverbindungen Ev. Martin Luther Kirche SteinVR-Bank SteinDE20 7606 9559 0001 4350 51 Stellen und Einrichtungen<\/p>\n","protected":false},"author":7,"featured_media":0,"parent":0,"menu_order":0,"comment_status":"closed","ping_status":"closed","template":"","meta":{"pgc_sgb_lightbox_settings":""},"_links":{"self":[{"href":"https:\/\/stein-martin-luther.net\/index.php?rest_route=\/wp\/v2\/pages\/34"}],"collection":[{"href":"https:\/\/stein-martin-luther.net\/index.php?rest_route=\/wp\/v2\/pages"}],"about":[{"href":"https:\/\/stein-martin-luther.net\/index.php?rest_route=\/wp\/v2\/types\/page"}],"author":[{"embeddable":true,"href":"https:\/\/stein-martin-luther.net\/index.php?rest_route=\/wp\/v2\/users\/7"}],"replies":[{"embeddable":true,"href":"https:\/\/stein-martin-luther.net\/index.php?rest_route=%2Fwp%2Fv2%2Fcomments&post=34"}],"version-history":[{"count":27,"href":"https:\/\/stein-martin-luther.net\/index.php?rest_route=\/wp\/v2\/pages\/34\/revisions"}],"predecessor-version":[{"id":3202,"href":"https:\/\/stein-martin-luther.net\/index.php?rest_route=\/wp\/v2\/pages\/34\/revisions\/3202"}],"wp:attachment":[{"href":"https:\/\/stein-martin-luther.net\/index.php?rest_route=%2Fwp%2Fv2%2Fmedia&parent=34"}],"curies":[{"name":"wp","href":"https:\/\/api.w.org\/{rel}","templated":true}]}}