{"id":336,"date":"2015-03-19T21:11:44","date_gmt":"2015-03-19T20:11:44","guid":{"rendered":"http:\/\/stein-martin-luther.net\/?page_id=336"},"modified":"2020-05-03T00:18:00","modified_gmt":"2020-05-02T22:18:00","slug":"fuer-kinder","status":"publish","type":"page","link":"https:\/\/stein-martin-luther.net\/?page_id=336","title":{"rendered":"F\u00fcr Kinder"},"content":{"rendered":"<p style=\"text-align: left;\" align=\"RIGHT\">Wir w\u00fcnschen uns, dass die Kinder unsere Gemeinde als einen freundlichen und fr\u00f6hlichen Ort kennenlernen. Ebenso wollen wir die Eltern unterst\u00fctzen, ihr Taufversprechen zu erf\u00fcllen, ihren Kindern den Glauben nahe zu bringen.&nbsp; Daher werden bieten wir derzeit folgende M\u00f6glichkeiten f\u00fcr Kinder an:<\/p>\n<ul>\n<li style=\"text-align: left;\">Jeden Sonntag <a href=\"http:\/\/www.stein-martin-luther.de\/html\/gottesdienste.html\"><b>Kindergottesdienst<\/b><\/a><\/li>\n<li style=\"text-align: left;\"><b>Krabbelgruppen<\/b>, bitte erfragen Sie die Termine im <a href=\"http:\/\/www.stein-martin-luther.de\/html\/pfarramt.html\">Pfarramt<\/a>\u00b7<\/li>\n<li style=\"text-align: left;\">Eine <a href=\"http:\/\/www.stein-martin-luther.de\/html\/einrichtungen.html\"><b>Kinderkrippe<\/b><\/a> und einen <a href=\"http:\/\/www.der-kindergarten-in-stein.de\"><b>Kindergarten<\/b><\/a>, in dem der religionsp\u00e4dagogische Auftrag zum Beispiel durch Kindergartengottesdienste sichtbar wird.<\/li>\n<li style=\"text-align: left;\">Au\u00dferdem weisen wir auf die <b>Pfadfinderarbeit <\/b>des <a href=\"http:\/\/www.lkg-stein.de\">EC Stein <\/a>hin, mit dem wir zusammenarbeiten.<\/li>\n<\/ul>\n","protected":false},"excerpt":{"rendered":"<p>Wir w\u00fcnschen uns, dass die Kinder unsere Gemeinde als einen freundlichen und fr\u00f6hlichen Ort kennenlernen. Ebenso wollen wir die Eltern unterst\u00fctzen, ihr Taufversprechen zu erf\u00fcllen, ihren Kindern den Glauben nahe zu bringen.&nbsp; Daher werden bieten wir derzeit folgende M\u00f6glichkeiten f\u00fcr Kinder an: Jeden Sonntag Kindergottesdienst Krabbelgruppen, bitte erfragen Sie die<\/p>\n","protected":false},"author":1,"featured_media":0,"parent":0,"menu_order":0,"comment_status":"closed","ping_status":"open","template":"page-templates\/full-width.php","meta":{"pgc_sgb_lightbox_settings":""},"_links":{"self":[{"href":"https:\/\/stein-martin-luther.net\/index.php?rest_route=\/wp\/v2\/pages\/336"}],"collection":[{"href":"https:\/\/stein-martin-luther.net\/index.php?rest_route=\/wp\/v2\/pages"}],"about":[{"href":"https:\/\/stein-martin-luther.net\/index.php?rest_route=\/wp\/v2\/types\/page"}],"author":[{"embeddable":true,"href":"https:\/\/stein-martin-luther.net\/index.php?rest_route=\/wp\/v2\/users\/1"}],"replies":[{"embeddable":true,"href":"https:\/\/stein-martin-luther.net\/index.php?rest_route=%2Fwp%2Fv2%2Fcomments&post=336"}],"version-history":[{"count":4,"href":"https:\/\/stein-martin-luther.net\/index.php?rest_route=\/wp\/v2\/pages\/336\/revisions"}],"predecessor-version":[{"id":1781,"href":"https:\/\/stein-martin-luther.net\/index.php?rest_route=\/wp\/v2\/pages\/336\/revisions\/1781"}],"wp:attachment":[{"href":"https:\/\/stein-martin-luther.net\/index.php?rest_route=%2Fwp%2Fv2%2Fmedia&parent=336"}],"curies":[{"name":"wp","href":"https:\/\/api.w.org\/{rel}","templated":true}]}}