{"id":2192,"date":"2021-05-20T21:40:39","date_gmt":"2021-05-20T19:40:39","guid":{"rendered":"https:\/\/stein-martin-luther.net\/?page_id=2192"},"modified":"2021-05-20T21:43:38","modified_gmt":"2021-05-20T19:43:38","slug":"sonntagskollekte","status":"publish","type":"page","link":"https:\/\/stein-martin-luther.net\/?page_id=2192","title":{"rendered":"Sonntagskollekte"},"content":{"rendered":"\n<p>Sie m\u00f6chten wissen, wof\u00fcr die Sontagskollekten verwendet werden? Sie k\u00f6nnen nicht am Gottesdienst teilnehmen, m\u00f6chten aber trotzdem Spenden? Dann besuchen Sie doch die Seite <a href=\"https:\/\/www.sonntagskollekte.de\/\" target=\"_blank\" rel=\"noreferrer noopener\">https:\/\/www.sonntagskollekte.de\/ <\/a><\/p>\n\n\n\n<iframe style=\"height: 700px; width: 100%;\" src=\"https:\/\/www.sonntagskollekte.de\/feed.php?footer=2&amp;text=1\" title=\"Sonntagskollekte\" frameborder=\"0\"><\/ifram<\/iframe>\n\n\n\n<p><\/p>\n","protected":false},"excerpt":{"rendered":"<p>Sie m\u00f6chten wissen, wof\u00fcr die Sontagskollekten verwendet werden? Sie k\u00f6nnen nicht am Gottesdienst teilnehmen, m\u00f6chten aber trotzdem Spenden? Dann besuchen Sie doch die Seite https:\/\/www.sonntagskollekte.de\/<\/p>\n","protected":false},"author":7,"featured_media":0,"parent":0,"menu_order":0,"comment_status":"closed","ping_status":"closed","template":"","meta":{"pgc_sgb_lightbox_settings":""},"_links":{"self":[{"href":"https:\/\/stein-martin-luther.net\/index.php?rest_route=\/wp\/v2\/pages\/2192"}],"collection":[{"href":"https:\/\/stein-martin-luther.net\/index.php?rest_route=\/wp\/v2\/pages"}],"about":[{"href":"https:\/\/stein-martin-luther.net\/index.php?rest_route=\/wp\/v2\/types\/page"}],"author":[{"embeddable":true,"href":"https:\/\/stein-martin-luther.net\/index.php?rest_route=\/wp\/v2\/users\/7"}],"replies":[{"embeddable":true,"href":"https:\/\/stein-martin-luther.net\/index.php?rest_route=%2Fwp%2Fv2%2Fcomments&post=2192"}],"version-history":[{"count":4,"href":"https:\/\/stein-martin-luther.net\/index.php?rest_route=\/wp\/v2\/pages\/2192\/revisions"}],"predecessor-version":[{"id":2197,"href":"https:\/\/stein-martin-luther.net\/index.php?rest_route=\/wp\/v2\/pages\/2192\/revisions\/2197"}],"wp:attachment":[{"href":"https:\/\/stein-martin-luther.net\/index.php?rest_route=%2Fwp%2Fv2%2Fmedia&parent=2192"}],"curies":[{"name":"wp","href":"https:\/\/api.w.org\/{rel}","templated":true}]}}