{"id":2137,"date":"2021-04-05T17:10:33","date_gmt":"2021-04-05T15:10:33","guid":{"rendered":"https:\/\/stein-martin-luther.net\/?page_id=2137"},"modified":"2021-04-05T17:39:59","modified_gmt":"2021-04-05T15:39:59","slug":"einrichtungen","status":"publish","type":"page","link":"https:\/\/stein-martin-luther.net\/?page_id=2137","title":{"rendered":"Einrichtungen in Stein"},"content":{"rendered":"\n<p>Hier eine \u00dcbersicht \u00fcber die Einrichtungen in Stein<\/p>\n\n\n\n<div class=\"wp-block-columns\">\n<div class=\"wp-block-column\">\n<p><strong>Pfarramt der Paul-Gerhardt-Kirche<\/strong><br>Pfarrer Andreas Herden<br>Goethestra\u00dfe 3, 90547 Stein<br>Tel. 0911 \u2013 687788, Fax 0911 \u2013 6890312<br><a href=\"http:\/\/www.paul-gerhardt-kirche-stein.de\" data-type=\"URL\" data-id=\"www.paul-gerhardt-kirche-stein.de\">www.paul-gerhardt-kirche-stein.de<\/a><br><a href=\"mailto:pfarramt.stein-paul-gerhardt-kirche@elkb.de\" data-type=\"mailto\" data-id=\"mailto:pfarramt.stein-paul-gerhardt-kirche@elkb.de\">pfarramt.stein-paul-gerhardt-kirche@elkb.de<\/a><br>Pfarramt Christine Ereth<br>B\u00fcrozeiten:<br>Montag 16:30 &#8211; 18:00 Uhr<br>Mittwoch 10:30 &#8211; 12:00 Uhr<br>Freitag 09:30 &#8211; 11:00 Uhr<br>Paul-Gerhardt-Kirche Schillerstra\u00dfe 19<\/p>\n\n\n\n<p><strong>Pfarramt St. Jakobus<\/strong><br>Pfarrerin Birgit Winkler <br>Pfarrweg 18, 90547 Stein<br>Tel.: 0911 \u2013 684046, Fax: 0911 \u2013 684066<br><a href=\"mailto:pfarramt.jakobus.stein@elkb.de\">pfarramt.jakobus.stein@elkb.de<\/a><br><a href=\"https:\/\/www.jakobus-online.de\/\">https:\/\/www.jakobus-online.de<\/a><br>Sekretariat: Christine Ereth<br>B\u00fcrozeiten<br>Montag \u00a0 09:30 \u2013 11:30<br>Freitag  14:30 \u2013 16:30<br><\/p>\n\n\n\n<p><strong>Diakonieverein<\/strong><br>Diakoniestation, Ambulante Pflege<br>Andrea Buric, Martin-Luther-Platz 1<br>Tel. 68 31 03<br>N\u00e4chstenhilfe<br>Renate Heilmann, Tel: 68 55 37<br><a href=\"http:\/\/www.diakonie-stein.de\" data-type=\"URL\" data-id=\"www.diakonie-stein.de\">www.diakonie-stein.de<\/a><br><a href=\"mailto:diakoniestation.stein@t-online.de\" data-type=\"mailto\" data-id=\"mailto:diakoniestation.stein@t-online.de\">diakoniestation.stein@t-online.de<\/a><br>Konto: VR-Bank<br>IBAN DE73 7606 0618 0000 7212 04<\/p>\n\n\n\n<p><strong>Initiative Hilfe f\u00fcr Tschernobylkinder<\/strong><br>Karin Schaepe, Tel. 67 43 39<br><a href=\"http:\/\/www.pg-hilfe-fuer-tschernobylkinder.org\">www.pg-hilfe-fuer-tschernobylkinder.org<\/a><br><a href=\"mailto:k.schaepe@pg-hilfe-fuer-tschernobylkinder.org\" data-type=\"mailto\" data-id=\"mailto:k.schaepe@pg-hilfe-fuer-tschernobylkinder.org\">k.schaepe@pg-hilfe-fuer-tschernobylkinder.org<\/a><br>Konto: VR-Bank<br>IBAN DE40 7606 0618 0100 7093 01<\/p>\n\n\n\n<p><strong>Landeskirchliche Gemeinschaften<\/strong><br><strong>Stein: <\/strong><br>Gemeinschaftspastor Wilfried B\u00fcttner<br>Tel. 5683 7121<br>Jugendreferent Christoph Fuchs<br><strong>Deutenbach:<\/strong><br>Gemeinschaftspastor Werner Schindler<br><a href=\"mailto:schindler.rosstal@t-online.de\" data-type=\"mailto\" data-id=\"mailto:schindler.rosstal@t-online.de\">schindler.rosstal@t-online.de<\/a><\/p>\n\n\n\n<p><strong>Evang. Kirchenbauverein<br>Paul-Gerhardt-Kirche<\/strong><br>Pfarrer Andreas Herden<br>Konto: Sparkasse F\u00fcrth<br>IBAN DE78 7625 0000 0000 3103 00<\/p>\n<\/div>\n\n\n\n<div class=\"wp-block-column\">\n<p><strong>Gesch\u00e4ftsf\u00fchrerin der Kindertagesst\u00e4tten<br>f\u00fcr Martin-Luther und Paul-Gerhardt<\/strong><br>Petra Sieber<br>Goethestra\u00dfe 3<br>Tel. 25599495<br><a href=\"mailto:petra.sieber@elkb.de\" data-type=\"mailto\" data-id=\"mailto:petra.sieber@elkb.de\">petra.sieber@elkb.de<\/a><\/p>\n\n\n\n<p><strong>Kinderkrippe \u201eGr\u00e4fin Katharina\u201c<\/strong><br>Stephanie Kreutzer, N\u00fcrnberger Str. 1a<br>Tel. 68 90 90 25<br><a href=\"mailto:krippe.graefin-katharina.ste@elkb.de\" data-type=\"mailto\" data-id=\"mailto:krippe.graefin-katharina.ste@elkb.de\">krippe.graefin-katharina.ste@elkb.de<\/a><\/p>\n\n\n\n<p><strong>Kindergarten \u201eGr\u00e4fin Ottilie\u201c<\/strong><br>Karin Kopp, Ottilienstr. 1<br>Tel. 67 47 04<br><a href=\"http:\/\/www.der-kindergarten-in-stein.de\" data-type=\"URL\" data-id=\"www.der-kindergarten-in-stein.de\">www.der-kindergarten-in-stein.de<\/a><br><a href=\"mailto:kita.martin-luther.stein@elkb.de\" data-type=\"mailto\" data-id=\"mailto:kita.martin-luther.stein@elkb.de\">kita.martin-luther.stein@elkb.de<\/a><\/p>\n\n\n\n<p><strong>Kindertagesst\u00e4tte Paul-Gerhardt<\/strong><br>Brigitte Dorberth, Gerstenstra\u00dfe 40<br>Tel. 67 85 83 Fax: 255 70 98<br><a href=\"http:\/\/www.kita.paul-gerhardt-kirche-stein.de\" data-type=\"URL\" data-id=\"www.kita.paul-gerhardt-kirche-stein.de\">www.kita.paul-gerhardt-kirche-stein.de<\/a><br><a href=\"mailto:kita.stein-paul-gerhardt-kirche@elkb.de\" data-type=\"mailto\" data-id=\"mailto:kita.stein-paul-gerhardt-kirche@elkb.de\">kita.stein-paul-gerhardt-kirche@elkb.de<\/a><\/p>\n\n\n\n<p><strong>Kinderkrippe Paul-Gerhardt<\/strong><br>Katrin Stief-Steiner, Schillerstra\u00dfe 24<br>Tel. 255 698 91; Fax: 255 695 46<br><a href=\"mailto:Kinderkrippe.Paul-Gerhardt@gmx.de\" data-type=\"mailto\" data-id=\"mailto:Kinderkrippe.Paul-Gerhardt@gmx.de\">Kinderkrippe.Paul-Gerhardt@gmx.de<\/a><\/p>\n<\/div>\n<\/div>\n\n\n\n<p><br><br><br><br><br><br><br><\/p>\n","protected":false},"excerpt":{"rendered":"<p>Hier eine \u00dcbersicht \u00fcber die Einrichtungen in Stein Pfarramt der Paul-Gerhardt-KirchePfarrer Andreas HerdenGoethestra\u00dfe 3, 90547 SteinTel. 0911 \u2013 687788, Fax 0911 \u2013 6890312www.paul-gerhardt-kirche-stein.depfarramt.stein-paul-gerhardt-kirche@elkb.dePfarramt Christine ErethB\u00fcrozeiten:Montag 16:30 &#8211; 18:00 UhrMittwoch 10:30 &#8211; 12:00 UhrFreitag 09:30 &#8211; 11:00 UhrPaul-Gerhardt-Kirche Schillerstra\u00dfe 19 Pfarramt St. JakobusPfarrerin Birgit Winkler Pfarrweg 18, 90547 SteinTel.: 0911 \u2013<\/p>\n","protected":false},"author":7,"featured_media":0,"parent":0,"menu_order":0,"comment_status":"closed","ping_status":"closed","template":"","meta":{"pgc_sgb_lightbox_settings":""},"_links":{"self":[{"href":"https:\/\/stein-martin-luther.net\/index.php?rest_route=\/wp\/v2\/pages\/2137"}],"collection":[{"href":"https:\/\/stein-martin-luther.net\/index.php?rest_route=\/wp\/v2\/pages"}],"about":[{"href":"https:\/\/stein-martin-luther.net\/index.php?rest_route=\/wp\/v2\/types\/page"}],"author":[{"embeddable":true,"href":"https:\/\/stein-martin-luther.net\/index.php?rest_route=\/wp\/v2\/users\/7"}],"replies":[{"embeddable":true,"href":"https:\/\/stein-martin-luther.net\/index.php?rest_route=%2Fwp%2Fv2%2Fcomments&post=2137"}],"version-history":[{"count":3,"href":"https:\/\/stein-martin-luther.net\/index.php?rest_route=\/wp\/v2\/pages\/2137\/revisions"}],"predecessor-version":[{"id":2149,"href":"https:\/\/stein-martin-luther.net\/index.php?rest_route=\/wp\/v2\/pages\/2137\/revisions\/2149"}],"wp:attachment":[{"href":"https:\/\/stein-martin-luther.net\/index.php?rest_route=%2Fwp%2Fv2%2Fmedia&parent=2137"}],"curies":[{"name":"wp","href":"https:\/\/api.w.org\/{rel}","templated":true}]}}